{"id":12,"date":"2025-12-18T16:42:52","date_gmt":"2025-12-18T16:42:52","guid":{"rendered":"https:\/\/puertemar.cl\/sitio\/?page_id=12"},"modified":"2025-12-19T22:05:50","modified_gmt":"2025-12-19T22:05:50","slug":"las-cabanas","status":"publish","type":"page","link":"https:\/\/puertemar.cl\/index.php\/las-cabanas\/","title":{"rendered":"Las caba\u00f1as"},"content":{"rendered":"\t\t<div data-elementor-type=\"wp-page\" data-elementor-id=\"12\" class=\"elementor elementor-12\" data-elementor-post-type=\"page\">\n\t\t\t\t<div class=\"elementor-element elementor-element-ccaef97 e-flex e-con-boxed e-con e-parent\" data-id=\"ccaef97\" data-element_type=\"container\">\n\t\t\t\t\t<div class=\"e-con-inner\">\n\t\t\t\t<div class=\"elementor-element elementor-element-11f247a elementor-posts--align-center elementor-grid-3 elementor-grid-tablet-2 elementor-grid-mobile-1 elementor-posts--thumbnail-top elementor-widget elementor-widget-posts\" data-id=\"11f247a\" data-element_type=\"widget\" data-settings=\"{&quot;classic_row_gap&quot;:{&quot;unit&quot;:&quot;px&quot;,&quot;size&quot;:62,&quot;sizes&quot;:[]},&quot;classic_columns&quot;:&quot;3&quot;,&quot;classic_columns_tablet&quot;:&quot;2&quot;,&quot;classic_columns_mobile&quot;:&quot;1&quot;,&quot;classic_row_gap_tablet&quot;:{&quot;unit&quot;:&quot;px&quot;,&quot;size&quot;:&quot;&quot;,&quot;sizes&quot;:[]},&quot;classic_row_gap_mobile&quot;:{&quot;unit&quot;:&quot;px&quot;,&quot;size&quot;:&quot;&quot;,&quot;sizes&quot;:[]}}\" data-widget_type=\"posts.classic\">\n\t\t\t\t<div class=\"elementor-widget-container\">\n\t\t\t\t\t\t\t<div class=\"elementor-posts-container elementor-posts elementor-posts--skin-classic elementor-grid\" role=\"list\">\n\t\t\t\t<article class=\"elementor-post elementor-grid-item post-97 post type-post status-publish format-standard has-post-thumbnail hentry category-cabanas\" role=\"listitem\">\n\t\t\t\t<a class=\"elementor-post__thumbnail__link\" href=\"https:\/\/puertemar.cl\/index.php\/2025\/12\/18\/cabana-miramar\/\" tabindex=\"-1\" >\n\t\t\t<div class=\"elementor-post__thumbnail\"><img fetchpriority=\"high\" decoding=\"async\" width=\"2000\" height=\"1500\" src=\"https:\/\/puertemar.cl\/wp-content\/uploads\/2025\/12\/CABECERA_MIRAMAR.jpg\" class=\"attachment-full size-full wp-image-98\" alt=\"\" srcset=\"https:\/\/puertemar.cl\/wp-content\/uploads\/2025\/12\/CABECERA_MIRAMAR.jpg 2000w, https:\/\/puertemar.cl\/wp-content\/uploads\/2025\/12\/CABECERA_MIRAMAR-300x225.jpg 300w, https:\/\/puertemar.cl\/wp-content\/uploads\/2025\/12\/CABECERA_MIRAMAR-1024x768.jpg 1024w, https:\/\/puertemar.cl\/wp-content\/uploads\/2025\/12\/CABECERA_MIRAMAR-768x576.jpg 768w, https:\/\/puertemar.cl\/wp-content\/uploads\/2025\/12\/CABECERA_MIRAMAR-1536x1152.jpg 1536w\" sizes=\"(max-width: 2000px) 100vw, 2000px\" \/><\/div>\n\t\t<\/a>\n\t\t\t\t<div class=\"elementor-post__text\">\n\t\t\t\t<h3 class=\"elementor-post__title\">\n\t\t\t<a href=\"https:\/\/puertemar.cl\/index.php\/2025\/12\/18\/cabana-miramar\/\" >\n\t\t\t\tCaba\u00f1a Miramar\t\t\t<\/a>\n\t\t<\/h3>\n\t\t\t\t<div class=\"elementor-post__excerpt\">\n\t\t\t<p>Capacidad m\u00e1xima 2 personas<\/p>\n\t\t<\/div>\n\t\t\n\t\t<a class=\"elementor-post__read-more\" href=\"https:\/\/puertemar.cl\/index.php\/2025\/12\/18\/cabana-miramar\/\" aria-label=\"M\u00e1s informaci\u00f3n sobre Caba\u00f1a Miramar\" tabindex=\"-1\" >\n\t\t\t\t\t<\/a>\n\n\t\t\t\t<\/div>\n\t\t\t\t<\/article>\n\t\t\t\t<article class=\"elementor-post elementor-grid-item post-84 post type-post status-publish format-standard has-post-thumbnail hentry category-cabanas\" role=\"listitem\">\n\t\t\t\t<a class=\"elementor-post__thumbnail__link\" href=\"https:\/\/puertemar.cl\/index.php\/2025\/12\/18\/cabana-mirador\/\" tabindex=\"-1\" >\n\t\t\t<div class=\"elementor-post__thumbnail\"><img decoding=\"async\" width=\"2000\" height=\"1500\" src=\"https:\/\/puertemar.cl\/wp-content\/uploads\/2025\/12\/CABECERA_MIRADOR-1.jpg\" class=\"attachment-full size-full wp-image-88\" alt=\"\" srcset=\"https:\/\/puertemar.cl\/wp-content\/uploads\/2025\/12\/CABECERA_MIRADOR-1.jpg 2000w, https:\/\/puertemar.cl\/wp-content\/uploads\/2025\/12\/CABECERA_MIRADOR-1-300x225.jpg 300w, https:\/\/puertemar.cl\/wp-content\/uploads\/2025\/12\/CABECERA_MIRADOR-1-1024x768.jpg 1024w, https:\/\/puertemar.cl\/wp-content\/uploads\/2025\/12\/CABECERA_MIRADOR-1-768x576.jpg 768w, https:\/\/puertemar.cl\/wp-content\/uploads\/2025\/12\/CABECERA_MIRADOR-1-1536x1152.jpg 1536w\" sizes=\"(max-width: 2000px) 100vw, 2000px\" \/><\/div>\n\t\t<\/a>\n\t\t\t\t<div class=\"elementor-post__text\">\n\t\t\t\t<h3 class=\"elementor-post__title\">\n\t\t\t<a href=\"https:\/\/puertemar.cl\/index.php\/2025\/12\/18\/cabana-mirador\/\" >\n\t\t\t\tCaba\u00f1a Mirador\t\t\t<\/a>\n\t\t<\/h3>\n\t\t\t\t<div class=\"elementor-post__excerpt\">\n\t\t\t<p>Capacidad m\u00e1xima 2 personas<\/p>\n\t\t<\/div>\n\t\t\n\t\t<a class=\"elementor-post__read-more\" href=\"https:\/\/puertemar.cl\/index.php\/2025\/12\/18\/cabana-mirador\/\" aria-label=\"M\u00e1s informaci\u00f3n sobre Caba\u00f1a Mirador\" tabindex=\"-1\" >\n\t\t\t\t\t<\/a>\n\n\t\t\t\t<\/div>\n\t\t\t\t<\/article>\n\t\t\t\t<article class=\"elementor-post elementor-grid-item post-73 post type-post status-publish format-standard has-post-thumbnail hentry category-cabanas\" role=\"listitem\">\n\t\t\t\t<a class=\"elementor-post__thumbnail__link\" href=\"https:\/\/puertemar.cl\/index.php\/2025\/12\/18\/cabana-playera\/\" tabindex=\"-1\" >\n\t\t\t<div class=\"elementor-post__thumbnail\"><img decoding=\"async\" width=\"2000\" height=\"1500\" src=\"https:\/\/puertemar.cl\/wp-content\/uploads\/2025\/12\/CABECERA_LA_PLAYERA.jpg\" class=\"attachment-full size-full wp-image-74\" alt=\"\" srcset=\"https:\/\/puertemar.cl\/wp-content\/uploads\/2025\/12\/CABECERA_LA_PLAYERA.jpg 2000w, https:\/\/puertemar.cl\/wp-content\/uploads\/2025\/12\/CABECERA_LA_PLAYERA-300x225.jpg 300w, https:\/\/puertemar.cl\/wp-content\/uploads\/2025\/12\/CABECERA_LA_PLAYERA-1024x768.jpg 1024w, https:\/\/puertemar.cl\/wp-content\/uploads\/2025\/12\/CABECERA_LA_PLAYERA-768x576.jpg 768w, https:\/\/puertemar.cl\/wp-content\/uploads\/2025\/12\/CABECERA_LA_PLAYERA-1536x1152.jpg 1536w\" sizes=\"(max-width: 2000px) 100vw, 2000px\" \/><\/div>\n\t\t<\/a>\n\t\t\t\t<div class=\"elementor-post__text\">\n\t\t\t\t<h3 class=\"elementor-post__title\">\n\t\t\t<a href=\"https:\/\/puertemar.cl\/index.php\/2025\/12\/18\/cabana-playera\/\" >\n\t\t\t\tCaba\u00f1a Playera\t\t\t<\/a>\n\t\t<\/h3>\n\t\t\t\t<div class=\"elementor-post__excerpt\">\n\t\t\t<p>Capacidad M\u00e1xima 2\/3 Personas<\/p>\n\t\t<\/div>\n\t\t\n\t\t<a class=\"elementor-post__read-more\" href=\"https:\/\/puertemar.cl\/index.php\/2025\/12\/18\/cabana-playera\/\" aria-label=\"M\u00e1s informaci\u00f3n sobre Caba\u00f1a Playera\" tabindex=\"-1\" >\n\t\t\t\t\t<\/a>\n\n\t\t\t\t<\/div>\n\t\t\t\t<\/article>\n\t\t\t\t<article class=\"elementor-post elementor-grid-item post-57 post type-post status-publish format-standard has-post-thumbnail hentry category-cabanas\" role=\"listitem\">\n\t\t\t\t<a class=\"elementor-post__thumbnail__link\" href=\"https:\/\/puertemar.cl\/index.php\/2025\/12\/18\/cabana-marejada\/\" tabindex=\"-1\" >\n\t\t\t<div class=\"elementor-post__thumbnail\"><img loading=\"lazy\" decoding=\"async\" width=\"2000\" height=\"1000\" src=\"https:\/\/puertemar.cl\/wp-content\/uploads\/2025\/12\/CABECERA_MAREJADA_02.jpg\" class=\"attachment-full size-full wp-image-410\" alt=\"\" srcset=\"https:\/\/puertemar.cl\/wp-content\/uploads\/2025\/12\/CABECERA_MAREJADA_02.jpg 2000w, https:\/\/puertemar.cl\/wp-content\/uploads\/2025\/12\/CABECERA_MAREJADA_02-300x150.jpg 300w, https:\/\/puertemar.cl\/wp-content\/uploads\/2025\/12\/CABECERA_MAREJADA_02-1024x512.jpg 1024w, https:\/\/puertemar.cl\/wp-content\/uploads\/2025\/12\/CABECERA_MAREJADA_02-768x384.jpg 768w, https:\/\/puertemar.cl\/wp-content\/uploads\/2025\/12\/CABECERA_MAREJADA_02-1536x768.jpg 1536w\" sizes=\"(max-width: 2000px) 100vw, 2000px\" \/><\/div>\n\t\t<\/a>\n\t\t\t\t<div class=\"elementor-post__text\">\n\t\t\t\t<h3 class=\"elementor-post__title\">\n\t\t\t<a href=\"https:\/\/puertemar.cl\/index.php\/2025\/12\/18\/cabana-marejada\/\" >\n\t\t\t\tCaba\u00f1a Marejada\t\t\t<\/a>\n\t\t<\/h3>\n\t\t\t\t<div class=\"elementor-post__excerpt\">\n\t\t\t<p>Capacidad M\u00e1xima 2\/3 Personas<\/p>\n\t\t<\/div>\n\t\t\n\t\t<a class=\"elementor-post__read-more\" href=\"https:\/\/puertemar.cl\/index.php\/2025\/12\/18\/cabana-marejada\/\" aria-label=\"M\u00e1s informaci\u00f3n sobre Caba\u00f1a Marejada\" tabindex=\"-1\" >\n\t\t\t\t\t<\/a>\n\n\t\t\t\t<\/div>\n\t\t\t\t<\/article>\n\t\t\t\t<article class=\"elementor-post elementor-grid-item post-45 post type-post status-publish format-standard has-post-thumbnail hentry category-cabanas\" role=\"listitem\">\n\t\t\t\t<a class=\"elementor-post__thumbnail__link\" href=\"https:\/\/puertemar.cl\/index.php\/2025\/12\/18\/cabana-la-isla\/\" tabindex=\"-1\" >\n\t\t\t<div class=\"elementor-post__thumbnail\"><img loading=\"lazy\" decoding=\"async\" width=\"2000\" height=\"1500\" src=\"https:\/\/puertemar.cl\/wp-content\/uploads\/2025\/12\/CABECERA_LA_ISLA.jpg\" class=\"attachment-full size-full wp-image-47\" alt=\"\" srcset=\"https:\/\/puertemar.cl\/wp-content\/uploads\/2025\/12\/CABECERA_LA_ISLA.jpg 2000w, https:\/\/puertemar.cl\/wp-content\/uploads\/2025\/12\/CABECERA_LA_ISLA-300x225.jpg 300w, https:\/\/puertemar.cl\/wp-content\/uploads\/2025\/12\/CABECERA_LA_ISLA-1024x768.jpg 1024w, https:\/\/puertemar.cl\/wp-content\/uploads\/2025\/12\/CABECERA_LA_ISLA-768x576.jpg 768w, https:\/\/puertemar.cl\/wp-content\/uploads\/2025\/12\/CABECERA_LA_ISLA-1536x1152.jpg 1536w\" sizes=\"(max-width: 2000px) 100vw, 2000px\" \/><\/div>\n\t\t<\/a>\n\t\t\t\t<div class=\"elementor-post__text\">\n\t\t\t\t<h3 class=\"elementor-post__title\">\n\t\t\t<a href=\"https:\/\/puertemar.cl\/index.php\/2025\/12\/18\/cabana-la-isla\/\" >\n\t\t\t\tCaba\u00f1a La Isla\t\t\t<\/a>\n\t\t<\/h3>\n\t\t\t\t<div class=\"elementor-post__excerpt\">\n\t\t\t<p>Capacidad M\u00e1xima 4\/5 Personas<\/p>\n\t\t<\/div>\n\t\t\n\t\t<a class=\"elementor-post__read-more\" href=\"https:\/\/puertemar.cl\/index.php\/2025\/12\/18\/cabana-la-isla\/\" aria-label=\"M\u00e1s informaci\u00f3n sobre Caba\u00f1a La Isla\" tabindex=\"-1\" >\n\t\t\t\t\t<\/a>\n\n\t\t\t\t<\/div>\n\t\t\t\t<\/article>\n\t\t\t\t<article class=\"elementor-post elementor-grid-item post-17 post type-post status-publish format-standard has-post-thumbnail hentry category-cabanas\" role=\"listitem\">\n\t\t\t\t<a class=\"elementor-post__thumbnail__link\" href=\"https:\/\/puertemar.cl\/index.php\/2025\/12\/18\/cabana-la-cueva\/\" tabindex=\"-1\" >\n\t\t\t<div class=\"elementor-post__thumbnail\"><img loading=\"lazy\" decoding=\"async\" width=\"2000\" height=\"1500\" src=\"https:\/\/puertemar.cl\/wp-content\/uploads\/2025\/12\/CABECERA_LA_CUEVA_02.jpg\" class=\"attachment-full size-full wp-image-384\" alt=\"\" srcset=\"https:\/\/puertemar.cl\/wp-content\/uploads\/2025\/12\/CABECERA_LA_CUEVA_02.jpg 2000w, https:\/\/puertemar.cl\/wp-content\/uploads\/2025\/12\/CABECERA_LA_CUEVA_02-300x225.jpg 300w, https:\/\/puertemar.cl\/wp-content\/uploads\/2025\/12\/CABECERA_LA_CUEVA_02-1024x768.jpg 1024w, https:\/\/puertemar.cl\/wp-content\/uploads\/2025\/12\/CABECERA_LA_CUEVA_02-768x576.jpg 768w, https:\/\/puertemar.cl\/wp-content\/uploads\/2025\/12\/CABECERA_LA_CUEVA_02-1536x1152.jpg 1536w\" sizes=\"(max-width: 2000px) 100vw, 2000px\" \/><\/div>\n\t\t<\/a>\n\t\t\t\t<div class=\"elementor-post__text\">\n\t\t\t\t<h3 class=\"elementor-post__title\">\n\t\t\t<a href=\"https:\/\/puertemar.cl\/index.php\/2025\/12\/18\/cabana-la-cueva\/\" >\n\t\t\t\tCaba\u00f1a La Cueva\t\t\t<\/a>\n\t\t<\/h3>\n\t\t\t\t<div class=\"elementor-post__excerpt\">\n\t\t\t<p>Capacidad M\u00e1xima 4 Personas<\/p>\n\t\t<\/div>\n\t\t\n\t\t<a class=\"elementor-post__read-more\" href=\"https:\/\/puertemar.cl\/index.php\/2025\/12\/18\/cabana-la-cueva\/\" aria-label=\"M\u00e1s informaci\u00f3n sobre Caba\u00f1a La Cueva\" tabindex=\"-1\" >\n\t\t\t\t\t<\/a>\n\n\t\t\t\t<\/div>\n\t\t\t\t<\/article>\n\t\t\t\t<\/div>\n\t\t\n\t\t\t\t\t\t<\/div>\n\t\t\t\t<\/div>\n\t\t\t\t\t<\/div>\n\t\t\t\t<\/div>\n\t\t\t\t<\/div>\n\t\t","protected":false},"excerpt":{"rendered":"","protected":false},"author":2,"featured_media":0,"parent":0,"menu_order":0,"comment_status":"closed","ping_status":"closed","template":"","meta":{"footnotes":""},"class_list":["post-12","page","type-page","status-publish","hentry"],"_links":{"self":[{"href":"https:\/\/puertemar.cl\/index.php\/wp-json\/wp\/v2\/pages\/12","targetHints":{"allow":["GET"]}}],"collection":[{"href":"https:\/\/puertemar.cl\/index.php\/wp-json\/wp\/v2\/pages"}],"about":[{"href":"https:\/\/puertemar.cl\/index.php\/wp-json\/wp\/v2\/types\/page"}],"author":[{"embeddable":true,"href":"https:\/\/puertemar.cl\/index.php\/wp-json\/wp\/v2\/users\/2"}],"replies":[{"embeddable":true,"href":"https:\/\/puertemar.cl\/index.php\/wp-json\/wp\/v2\/comments?post=12"}],"version-history":[{"count":13,"href":"https:\/\/puertemar.cl\/index.php\/wp-json\/wp\/v2\/pages\/12\/revisions"}],"predecessor-version":[{"id":317,"href":"https:\/\/puertemar.cl\/index.php\/wp-json\/wp\/v2\/pages\/12\/revisions\/317"}],"wp:attachment":[{"href":"https:\/\/puertemar.cl\/index.php\/wp-json\/wp\/v2\/media?parent=12"}],"curies":[{"name":"wp","href":"https:\/\/api.w.org\/{rel}","templated":true}]}}